{"id":1665,"date":"2025-11-28T00:34:27","date_gmt":"2025-11-27T23:34:27","guid":{"rendered":"https:\/\/bridgeclubbiterrois.fr\/?page_id=1665"},"modified":"2025-11-28T03:31:04","modified_gmt":"2025-11-28T02:31:04","slug":"patrick-fachon-et-roger-lefolle-vainqueurs-de-la-coupe-des-clubs-2025","status":"publish","type":"page","link":"https:\/\/bridgeclubbiterrois.fr\/index.php\/vie-du-club\/patrick-fachon-et-roger-lefolle-vainqueurs-de-la-coupe-des-clubs-2025\/","title":{"rendered":"Patrick FACHON et Roger LEFOLLE vainqueurs de la COUPE des CLUBS 2025"},"content":{"rendered":"<figure id=\"attachment_1685\" aria-describedby=\"caption-attachment-1685\" style=\"width: 300px\" class=\"wp-caption alignnone\"><img loading=\"lazy\" decoding=\"async\" class=\"size-medium wp-image-1685\" src=\"https:\/\/bridgeclubbiterrois.fr\/wp-content\/uploads\/2025\/11\/20251127_184246-1-300x104.jpg\" alt=\"Jeudi 27 novembre 2025\" width=\"300\" height=\"104\" srcset=\"https:\/\/bridgeclubbiterrois.fr\/wp-content\/uploads\/2025\/11\/20251127_184246-1-300x104.jpg 300w, https:\/\/bridgeclubbiterrois.fr\/wp-content\/uploads\/2025\/11\/20251127_184246-1-1024x355.jpg 1024w, https:\/\/bridgeclubbiterrois.fr\/wp-content\/uploads\/2025\/11\/20251127_184246-1-768x266.jpg 768w, https:\/\/bridgeclubbiterrois.fr\/wp-content\/uploads\/2025\/11\/20251127_184246-1-750x260.jpg 750w, https:\/\/bridgeclubbiterrois.fr\/wp-content\/uploads\/2025\/11\/20251127_184246-1-400x139.jpg 400w, https:\/\/bridgeclubbiterrois.fr\/wp-content\/uploads\/2025\/11\/20251127_184246-1-430x149.jpg 430w, https:\/\/bridgeclubbiterrois.fr\/wp-content\/uploads\/2025\/11\/20251127_184246-1-150x52.jpg 150w, https:\/\/bridgeclubbiterrois.fr\/wp-content\/uploads\/2025\/11\/20251127_184246-1-100x35.jpg 100w, https:\/\/bridgeclubbiterrois.fr\/wp-content\/uploads\/2025\/11\/20251127_184246-1.jpg 1284w\" sizes=\"auto, (max-width: 300px) 100vw, 300px\" \/><figcaption id=\"caption-attachment-1685\" class=\"wp-caption-text\">Jean Charles Olivan-Pdt du Bridge Club Biterrois-<br \/>Alain Kahn-Pdt du Comite de Bridge-<br \/>Patrick Fachon-Vainqueur Coupe des Clubs<br \/>Martine Mari\u00e9-Membre d&rsquo;Honneur de la F\u00e9d\u00e9ration Fran\u00e7aise de Bridge<br \/>Roger Lefolle-Vainqueur de la Coupe des Clubs<\/figcaption><\/figure>\n<p><img loading=\"lazy\" decoding=\"async\" class=\"alignnone size-medium wp-image-1698\" src=\"https:\/\/bridgeclubbiterrois.fr\/wp-content\/uploads\/2025\/11\/Remise-coupe-300x159.png\" alt=\"\" width=\"300\" height=\"159\" srcset=\"https:\/\/bridgeclubbiterrois.fr\/wp-content\/uploads\/2025\/11\/Remise-coupe-300x159.png 300w, https:\/\/bridgeclubbiterrois.fr\/wp-content\/uploads\/2025\/11\/Remise-coupe-400x212.png 400w, https:\/\/bridgeclubbiterrois.fr\/wp-content\/uploads\/2025\/11\/Remise-coupe-430x227.png 430w, https:\/\/bridgeclubbiterrois.fr\/wp-content\/uploads\/2025\/11\/Remise-coupe-150x79.png 150w, https:\/\/bridgeclubbiterrois.fr\/wp-content\/uploads\/2025\/11\/Remise-coupe-100x53.png 100w, https:\/\/bridgeclubbiterrois.fr\/wp-content\/uploads\/2025\/11\/Remise-coupe.png 660w\" sizes=\"auto, (max-width: 300px) 100vw, 300px\" \/><\/p>\n<p>&nbsp;<\/p>\n<p>&nbsp;<\/p>\n<p>Le Bridge Club Biterrois a re\u00e7u des mains de Martine MARI\u00c9, membre d&rsquo;honneur de la F\u00e9d\u00e9ration Fran\u00e7aise de Bridge la Coupe des Clubs 2025 ( 3\u00b0 s\u00e9rie).<\/p>\n<p>C&rsquo;est la performance de Patrick Fachon et Roger Leffolle (premiers au national, chez les 3\u00b0 S\u00e9rie), qui a permis au Bridge Club Biterrois de de briller au premier plan national. La F\u00e9d\u00e9ration Fran\u00e7aise de Bridge a remis \u00e0 chacun de nos champions une copie de la Coupe des Clubs et les meilleures \u00e9ditions de l&rsquo;Universit\u00e9 du Bridge. De la lecture pour toute la saison !<\/p>\n<p>Le Comit\u00e9 R\u00e9gional de Bridge du Languedoc Roussillon \u00e9tait repr\u00e9sent\u00e9 par son pr\u00e9sident Alain Kahn.<\/p>\n<p>La ville de B\u00e9ziers \u00e9tait repr\u00e9sent\u00e9 par Michel Moulin, ancien bridgeur. Il repr\u00e9sentait Monsieur le maire (excus\u00e9).<\/p>\n<p>Le pr\u00e9sident Jean Charles Olivan, a profit\u00e9 de la pr\u00e9sence de Monsieur l&rsquo;Adjoint pour lui\u00a0 faire part des difficult\u00e9s rencontr\u00e9es par les bridgeurs pour acc\u00e9der au Club. Elles sont apparues apr\u00e8s\u00a0 la disparition d&rsquo;une partie des places de parking sur l&rsquo;avenue Jean Constans. La r\u00e9ouverture du Passage du Soleil Levant permettrait d&rsquo;att\u00e9nuer ces d\u00e9sagr\u00e9ments.<\/p>\n<p>Le tournoi du Simultan\u00e9 d&rsquo;Entraide aux Clubs (SEC) pr\u00e9c\u00e9dant la remise des coupes, a r\u00e9uni 29 paires (plus forte participation de la saison). Les vainqueurs du tournoi sont Diane Olivan\u00a0 et Alain Kahn et Nord\/Sud et Martine Mari\u00e9 et Rosine Lang en Est\/Ouest.<\/p>\n<p>Le Vin d&rsquo;Honneur et les Grignotages propos\u00e9s par nos bridgeuses ont permis de clore la remise dans une ambiance festive et appr\u00e9ci\u00e9 de tous.<\/p>\n<p>Jean Charles Olivan<\/p>\n<p>Pr\u00e9sident Fondateur du Bridge Club Biterrois\u00a0 en 2005.<\/p>\n<p><img loading=\"lazy\" decoding=\"async\" class=\"alignnone size-medium wp-image-1682\" src=\"https:\/\/bridgeclubbiterrois.fr\/wp-content\/uploads\/2025\/11\/20251127_150006-300x300.jpg\" alt=\"\" width=\"300\" height=\"300\" srcset=\"https:\/\/bridgeclubbiterrois.fr\/wp-content\/uploads\/2025\/11\/20251127_150006-300x300.jpg 300w, https:\/\/bridgeclubbiterrois.fr\/wp-content\/uploads\/2025\/11\/20251127_150006-1024x1024.jpg 1024w, https:\/\/bridgeclubbiterrois.fr\/wp-content\/uploads\/2025\/11\/20251127_150006-150x150.jpg 150w, https:\/\/bridgeclubbiterrois.fr\/wp-content\/uploads\/2025\/11\/20251127_150006-768x768.jpg 768w, https:\/\/bridgeclubbiterrois.fr\/wp-content\/uploads\/2025\/11\/20251127_150006-1536x1536.jpg 1536w, https:\/\/bridgeclubbiterrois.fr\/wp-content\/uploads\/2025\/11\/20251127_150006-2048x2048.jpg 2048w, https:\/\/bridgeclubbiterrois.fr\/wp-content\/uploads\/2025\/11\/20251127_150006-750x750.jpg 750w, https:\/\/bridgeclubbiterrois.fr\/wp-content\/uploads\/2025\/11\/20251127_150006-400x400.jpg 400w, https:\/\/bridgeclubbiterrois.fr\/wp-content\/uploads\/2025\/11\/20251127_150006-430x430.jpg 430w, https:\/\/bridgeclubbiterrois.fr\/wp-content\/uploads\/2025\/11\/20251127_150006-100x100.jpg 100w\" sizes=\"auto, (max-width: 300px) 100vw, 300px\" \/> <img loading=\"lazy\" decoding=\"async\" class=\"alignnone size-medium wp-image-1681\" src=\"https:\/\/bridgeclubbiterrois.fr\/wp-content\/uploads\/2025\/11\/20251127_150001-300x300.jpg\" alt=\"\" width=\"300\" height=\"300\" srcset=\"https:\/\/bridgeclubbiterrois.fr\/wp-content\/uploads\/2025\/11\/20251127_150001-300x300.jpg 300w, https:\/\/bridgeclubbiterrois.fr\/wp-content\/uploads\/2025\/11\/20251127_150001-1024x1024.jpg 1024w, https:\/\/bridgeclubbiterrois.fr\/wp-content\/uploads\/2025\/11\/20251127_150001-150x150.jpg 150w, https:\/\/bridgeclubbiterrois.fr\/wp-content\/uploads\/2025\/11\/20251127_150001-768x768.jpg 768w, https:\/\/bridgeclubbiterrois.fr\/wp-content\/uploads\/2025\/11\/20251127_150001-1536x1536.jpg 1536w, https:\/\/bridgeclubbiterrois.fr\/wp-content\/uploads\/2025\/11\/20251127_150001-2048x2048.jpg 2048w, https:\/\/bridgeclubbiterrois.fr\/wp-content\/uploads\/2025\/11\/20251127_150001-750x750.jpg 750w, https:\/\/bridgeclubbiterrois.fr\/wp-content\/uploads\/2025\/11\/20251127_150001-400x400.jpg 400w, https:\/\/bridgeclubbiterrois.fr\/wp-content\/uploads\/2025\/11\/20251127_150001-430x430.jpg 430w, https:\/\/bridgeclubbiterrois.fr\/wp-content\/uploads\/2025\/11\/20251127_150001-100x100.jpg 100w\" sizes=\"auto, (max-width: 300px) 100vw, 300px\" \/> <img loading=\"lazy\" decoding=\"async\" class=\"alignnone size-medium wp-image-1678\" src=\"https:\/\/bridgeclubbiterrois.fr\/wp-content\/uploads\/2025\/11\/20251127_145943-300x300.jpg\" alt=\"\" width=\"300\" height=\"300\" srcset=\"https:\/\/bridgeclubbiterrois.fr\/wp-content\/uploads\/2025\/11\/20251127_145943-300x300.jpg 300w, https:\/\/bridgeclubbiterrois.fr\/wp-content\/uploads\/2025\/11\/20251127_145943-1024x1024.jpg 1024w, https:\/\/bridgeclubbiterrois.fr\/wp-content\/uploads\/2025\/11\/20251127_145943-150x150.jpg 150w, https:\/\/bridgeclubbiterrois.fr\/wp-content\/uploads\/2025\/11\/20251127_145943-768x768.jpg 768w, https:\/\/bridgeclubbiterrois.fr\/wp-content\/uploads\/2025\/11\/20251127_145943-1536x1536.jpg 1536w, https:\/\/bridgeclubbiterrois.fr\/wp-content\/uploads\/2025\/11\/20251127_145943-2048x2048.jpg 2048w, https:\/\/bridgeclubbiterrois.fr\/wp-content\/uploads\/2025\/11\/20251127_145943-750x750.jpg 750w, https:\/\/bridgeclubbiterrois.fr\/wp-content\/uploads\/2025\/11\/20251127_145943-400x400.jpg 400w, https:\/\/bridgeclubbiterrois.fr\/wp-content\/uploads\/2025\/11\/20251127_145943-430x430.jpg 430w, https:\/\/bridgeclubbiterrois.fr\/wp-content\/uploads\/2025\/11\/20251127_145943-100x100.jpg 100w\" sizes=\"auto, (max-width: 300px) 100vw, 300px\" \/> <img loading=\"lazy\" decoding=\"async\" class=\"alignnone size-medium wp-image-1677\" src=\"https:\/\/bridgeclubbiterrois.fr\/wp-content\/uploads\/2025\/11\/20251127_145938-300x300.jpg\" alt=\"\" width=\"300\" height=\"300\" srcset=\"https:\/\/bridgeclubbiterrois.fr\/wp-content\/uploads\/2025\/11\/20251127_145938-300x300.jpg 300w, https:\/\/bridgeclubbiterrois.fr\/wp-content\/uploads\/2025\/11\/20251127_145938-1024x1024.jpg 1024w, https:\/\/bridgeclubbiterrois.fr\/wp-content\/uploads\/2025\/11\/20251127_145938-150x150.jpg 150w, https:\/\/bridgeclubbiterrois.fr\/wp-content\/uploads\/2025\/11\/20251127_145938-768x768.jpg 768w, https:\/\/bridgeclubbiterrois.fr\/wp-content\/uploads\/2025\/11\/20251127_145938-1536x1536.jpg 1536w, https:\/\/bridgeclubbiterrois.fr\/wp-content\/uploads\/2025\/11\/20251127_145938-2048x2048.jpg 2048w, https:\/\/bridgeclubbiterrois.fr\/wp-content\/uploads\/2025\/11\/20251127_145938-750x750.jpg 750w, https:\/\/bridgeclubbiterrois.fr\/wp-content\/uploads\/2025\/11\/20251127_145938-400x400.jpg 400w, https:\/\/bridgeclubbiterrois.fr\/wp-content\/uploads\/2025\/11\/20251127_145938-430x430.jpg 430w, https:\/\/bridgeclubbiterrois.fr\/wp-content\/uploads\/2025\/11\/20251127_145938-100x100.jpg 100w\" sizes=\"auto, (max-width: 300px) 100vw, 300px\" \/> <img loading=\"lazy\" decoding=\"async\" class=\"alignnone size-medium wp-image-1676\" src=\"https:\/\/bridgeclubbiterrois.fr\/wp-content\/uploads\/2025\/11\/20251127_145932-300x300.jpg\" alt=\"\" width=\"300\" height=\"300\" srcset=\"https:\/\/bridgeclubbiterrois.fr\/wp-content\/uploads\/2025\/11\/20251127_145932-300x300.jpg 300w, https:\/\/bridgeclubbiterrois.fr\/wp-content\/uploads\/2025\/11\/20251127_145932-1024x1024.jpg 1024w, https:\/\/bridgeclubbiterrois.fr\/wp-content\/uploads\/2025\/11\/20251127_145932-150x150.jpg 150w, https:\/\/bridgeclubbiterrois.fr\/wp-content\/uploads\/2025\/11\/20251127_145932-768x768.jpg 768w, https:\/\/bridgeclubbiterrois.fr\/wp-content\/uploads\/2025\/11\/20251127_145932-1536x1536.jpg 1536w, https:\/\/bridgeclubbiterrois.fr\/wp-content\/uploads\/2025\/11\/20251127_145932-2048x2048.jpg 2048w, https:\/\/bridgeclubbiterrois.fr\/wp-content\/uploads\/2025\/11\/20251127_145932-750x750.jpg 750w, https:\/\/bridgeclubbiterrois.fr\/wp-content\/uploads\/2025\/11\/20251127_145932-400x400.jpg 400w, https:\/\/bridgeclubbiterrois.fr\/wp-content\/uploads\/2025\/11\/20251127_145932-430x430.jpg 430w, https:\/\/bridgeclubbiterrois.fr\/wp-content\/uploads\/2025\/11\/20251127_145932-100x100.jpg 100w\" sizes=\"auto, (max-width: 300px) 100vw, 300px\" \/> <img loading=\"lazy\" decoding=\"async\" class=\"alignnone size-medium wp-image-1674\" src=\"https:\/\/bridgeclubbiterrois.fr\/wp-content\/uploads\/2025\/11\/20251127_145922-300x300.jpg\" alt=\"\" width=\"300\" height=\"300\" srcset=\"https:\/\/bridgeclubbiterrois.fr\/wp-content\/uploads\/2025\/11\/20251127_145922-300x300.jpg 300w, https:\/\/bridgeclubbiterrois.fr\/wp-content\/uploads\/2025\/11\/20251127_145922-1024x1024.jpg 1024w, https:\/\/bridgeclubbiterrois.fr\/wp-content\/uploads\/2025\/11\/20251127_145922-150x150.jpg 150w, https:\/\/bridgeclubbiterrois.fr\/wp-content\/uploads\/2025\/11\/20251127_145922-768x768.jpg 768w, https:\/\/bridgeclubbiterrois.fr\/wp-content\/uploads\/2025\/11\/20251127_145922-1536x1536.jpg 1536w, https:\/\/bridgeclubbiterrois.fr\/wp-content\/uploads\/2025\/11\/20251127_145922-2048x2048.jpg 2048w, https:\/\/bridgeclubbiterrois.fr\/wp-content\/uploads\/2025\/11\/20251127_145922-750x750.jpg 750w, https:\/\/bridgeclubbiterrois.fr\/wp-content\/uploads\/2025\/11\/20251127_145922-400x400.jpg 400w, https:\/\/bridgeclubbiterrois.fr\/wp-content\/uploads\/2025\/11\/20251127_145922-430x430.jpg 430w, https:\/\/bridgeclubbiterrois.fr\/wp-content\/uploads\/2025\/11\/20251127_145922-100x100.jpg 100w\" sizes=\"auto, (max-width: 300px) 100vw, 300px\" \/> <img loading=\"lazy\" decoding=\"async\" class=\"alignnone size-medium wp-image-1672\" src=\"https:\/\/bridgeclubbiterrois.fr\/wp-content\/uploads\/2025\/11\/20251127_145912-300x300.jpg\" alt=\"\" width=\"300\" height=\"300\" srcset=\"https:\/\/bridgeclubbiterrois.fr\/wp-content\/uploads\/2025\/11\/20251127_145912-300x300.jpg 300w, https:\/\/bridgeclubbiterrois.fr\/wp-content\/uploads\/2025\/11\/20251127_145912-1024x1024.jpg 1024w, https:\/\/bridgeclubbiterrois.fr\/wp-content\/uploads\/2025\/11\/20251127_145912-150x150.jpg 150w, https:\/\/bridgeclubbiterrois.fr\/wp-content\/uploads\/2025\/11\/20251127_145912-768x768.jpg 768w, https:\/\/bridgeclubbiterrois.fr\/wp-content\/uploads\/2025\/11\/20251127_145912-1536x1536.jpg 1536w, https:\/\/bridgeclubbiterrois.fr\/wp-content\/uploads\/2025\/11\/20251127_145912-2048x2048.jpg 2048w, https:\/\/bridgeclubbiterrois.fr\/wp-content\/uploads\/2025\/11\/20251127_145912-750x750.jpg 750w, https:\/\/bridgeclubbiterrois.fr\/wp-content\/uploads\/2025\/11\/20251127_145912-400x400.jpg 400w, https:\/\/bridgeclubbiterrois.fr\/wp-content\/uploads\/2025\/11\/20251127_145912-430x430.jpg 430w, https:\/\/bridgeclubbiterrois.fr\/wp-content\/uploads\/2025\/11\/20251127_145912-100x100.jpg 100w\" sizes=\"auto, (max-width: 300px) 100vw, 300px\" \/> <img loading=\"lazy\" decoding=\"async\" class=\"alignnone size-medium wp-image-1675\" src=\"https:\/\/bridgeclubbiterrois.fr\/wp-content\/uploads\/2025\/11\/20251127_145928-300x300.jpg\" alt=\"\" width=\"300\" height=\"300\" srcset=\"https:\/\/bridgeclubbiterrois.fr\/wp-content\/uploads\/2025\/11\/20251127_145928-300x300.jpg 300w, https:\/\/bridgeclubbiterrois.fr\/wp-content\/uploads\/2025\/11\/20251127_145928-1024x1024.jpg 1024w, https:\/\/bridgeclubbiterrois.fr\/wp-content\/uploads\/2025\/11\/20251127_145928-150x150.jpg 150w, https:\/\/bridgeclubbiterrois.fr\/wp-content\/uploads\/2025\/11\/20251127_145928-768x768.jpg 768w, https:\/\/bridgeclubbiterrois.fr\/wp-content\/uploads\/2025\/11\/20251127_145928-1536x1536.jpg 1536w, https:\/\/bridgeclubbiterrois.fr\/wp-content\/uploads\/2025\/11\/20251127_145928-2048x2048.jpg 2048w, https:\/\/bridgeclubbiterrois.fr\/wp-content\/uploads\/2025\/11\/20251127_145928-750x750.jpg 750w, https:\/\/bridgeclubbiterrois.fr\/wp-content\/uploads\/2025\/11\/20251127_145928-400x400.jpg 400w, https:\/\/bridgeclubbiterrois.fr\/wp-content\/uploads\/2025\/11\/20251127_145928-430x430.jpg 430w, https:\/\/bridgeclubbiterrois.fr\/wp-content\/uploads\/2025\/11\/20251127_145928-100x100.jpg 100w\" sizes=\"auto, (max-width: 300px) 100vw, 300px\" \/> <img loading=\"lazy\" decoding=\"async\" class=\"alignnone size-medium wp-image-1679\" src=\"https:\/\/bridgeclubbiterrois.fr\/wp-content\/uploads\/2025\/11\/20251127_145947-300x300.jpg\" alt=\"\" width=\"300\" height=\"300\" srcset=\"https:\/\/bridgeclubbiterrois.fr\/wp-content\/uploads\/2025\/11\/20251127_145947-300x300.jpg 300w, https:\/\/bridgeclubbiterrois.fr\/wp-content\/uploads\/2025\/11\/20251127_145947-1024x1024.jpg 1024w, https:\/\/bridgeclubbiterrois.fr\/wp-content\/uploads\/2025\/11\/20251127_145947-150x150.jpg 150w, https:\/\/bridgeclubbiterrois.fr\/wp-content\/uploads\/2025\/11\/20251127_145947-768x768.jpg 768w, https:\/\/bridgeclubbiterrois.fr\/wp-content\/uploads\/2025\/11\/20251127_145947-1536x1536.jpg 1536w, https:\/\/bridgeclubbiterrois.fr\/wp-content\/uploads\/2025\/11\/20251127_145947-2048x2048.jpg 2048w, https:\/\/bridgeclubbiterrois.fr\/wp-content\/uploads\/2025\/11\/20251127_145947-750x750.jpg 750w, https:\/\/bridgeclubbiterrois.fr\/wp-content\/uploads\/2025\/11\/20251127_145947-400x400.jpg 400w, https:\/\/bridgeclubbiterrois.fr\/wp-content\/uploads\/2025\/11\/20251127_145947-430x430.jpg 430w, https:\/\/bridgeclubbiterrois.fr\/wp-content\/uploads\/2025\/11\/20251127_145947-100x100.jpg 100w\" sizes=\"auto, (max-width: 300px) 100vw, 300px\" \/><\/p>\n<p>&nbsp;<\/p>\n<p>&nbsp;<\/p>\n","protected":false},"excerpt":{"rendered":"<p>&nbsp; &nbsp; Le Bridge Club Biterrois a re\u00e7u des mains de Martine MARI\u00c9, membre d&rsquo;honneur de la F\u00e9d\u00e9ration Fran\u00e7aise de Bridge la Coupe des Clubs 2025 ( 3\u00b0 s\u00e9rie). C&rsquo;est [&hellip;]<\/p>\n","protected":false},"author":1,"featured_media":0,"parent":72,"menu_order":0,"comment_status":"closed","ping_status":"closed","template":"page_fullwidth.php","meta":{"_crdt_document":"","footnotes":""},"class_list":["post-1665","page","type-page","status-publish","hentry"],"jetpack_sharing_enabled":true,"_links":{"self":[{"href":"https:\/\/bridgeclubbiterrois.fr\/index.php\/wp-json\/wp\/v2\/pages\/1665","targetHints":{"allow":["GET"]}}],"collection":[{"href":"https:\/\/bridgeclubbiterrois.fr\/index.php\/wp-json\/wp\/v2\/pages"}],"about":[{"href":"https:\/\/bridgeclubbiterrois.fr\/index.php\/wp-json\/wp\/v2\/types\/page"}],"author":[{"embeddable":true,"href":"https:\/\/bridgeclubbiterrois.fr\/index.php\/wp-json\/wp\/v2\/users\/1"}],"replies":[{"embeddable":true,"href":"https:\/\/bridgeclubbiterrois.fr\/index.php\/wp-json\/wp\/v2\/comments?post=1665"}],"version-history":[{"count":5,"href":"https:\/\/bridgeclubbiterrois.fr\/index.php\/wp-json\/wp\/v2\/pages\/1665\/revisions"}],"predecessor-version":[{"id":1699,"href":"https:\/\/bridgeclubbiterrois.fr\/index.php\/wp-json\/wp\/v2\/pages\/1665\/revisions\/1699"}],"up":[{"embeddable":true,"href":"https:\/\/bridgeclubbiterrois.fr\/index.php\/wp-json\/wp\/v2\/pages\/72"}],"wp:attachment":[{"href":"https:\/\/bridgeclubbiterrois.fr\/index.php\/wp-json\/wp\/v2\/media?parent=1665"}],"curies":[{"name":"wp","href":"https:\/\/api.w.org\/{rel}","templated":true}]}}