{"id":2,"date":"2025-07-14T17:55:58","date_gmt":"2025-07-14T15:55:58","guid":{"rendered":"http:\/\/bridgeclubbiterrois.fr\/?page_id=2"},"modified":"2026-04-01T18:21:26","modified_gmt":"2026-04-01T16:21:26","slug":"page-d-exemple","status":"publish","type":"page","link":"https:\/\/bridgeclubbiterrois.fr\/index.php\/page-d-exemple\/","title":{"rendered":"Accueil"},"content":{"rendered":"\r\n<div><\/div>\r\n<div>\u00a0<\/div>\r\n<div>Vous avec envie de bouger la saison prochaine ! Voici le calendrier de la FFB\u00a0<\/div>\r\n<h2><a href=\"https:\/\/bridgeclubbiterrois.fr\/wp-content\/uploads\/2026\/04\/Calendrier_federal_26_27_d321840087.pdf\">Calendrier_federal_26_27_d321840087<\/a><\/h2>\r\n<h2>**************************************<\/h2>\r\n<p class=\"wp-block-paragraph\"><span style=\"color: #000000;\"><strong>Club ouvert\u00a0 les lundis \u00e0 16h00 tournoi d&rsquo;accession r\u00e9serv\u00e9 aux joueurs class\u00e9e 3K maxi et aux paires\u00a0 El\u00e8ve +prof. ou El\u00e8ve+ joueur exp\u00e9riment\u00e9. Lundi\u00a0 \u00a0\u00e0 18h30 Tournoi + pizza, les mardis \u00e0 14h30 RDF, les jeudis \u00e0 14h30 et les vendredis \u00e0 14h30 Ronde de France\u00a0 sauf\u00a0 Roi Ren\u00e9 le 2\u00b0 mardi du mois \u00e0 partir de f\u00e9vrier 26.<\/strong><\/span><\/p>\r\n\r\n\r\n\r\n\r\n\r\n<p class=\"wp-block-paragraph\">**************************************************************<\/p>\r\n\r\n\r\n\r\n<blockquote class=\"wp-block-quote\">\r\n<p class=\"wp-block-paragraph\">&nbsp;<\/p>\r\n\r\n\r\n\r\n\r\n\r\n<p class=\"wp-block-paragraph\"><strong>Recherche de partenaire et inscriptions\u00a0 06 61 45 00 16\u00a0 Claude Rossignol &#8211; 06 74 86 19 41 Diane ou 06 89 82 88 51 Jean Charles<\/strong><\/p>\r\n<\/blockquote>\r\n<!-- \/wp:post-content -->","protected":false},"excerpt":{"rendered":"<p>\u00a0 Vous avec envie de bouger la saison prochaine ! Voici le calendrier de la FFB\u00a0 Calendrier_federal_26_27_d321840087 ************************************** Club ouvert\u00a0 les lundis \u00e0 16h00 tournoi d&rsquo;accession r\u00e9serv\u00e9 aux joueurs class\u00e9e [&hellip;]<\/p>\n","protected":false},"author":1,"featured_media":0,"parent":0,"menu_order":0,"comment_status":"closed","ping_status":"open","template":"","meta":{"_crdt_document":"","footnotes":""},"class_list":["post-2","page","type-page","status-publish","hentry"],"jetpack_sharing_enabled":true,"_links":{"self":[{"href":"https:\/\/bridgeclubbiterrois.fr\/index.php\/wp-json\/wp\/v2\/pages\/2","targetHints":{"allow":["GET"]}}],"collection":[{"href":"https:\/\/bridgeclubbiterrois.fr\/index.php\/wp-json\/wp\/v2\/pages"}],"about":[{"href":"https:\/\/bridgeclubbiterrois.fr\/index.php\/wp-json\/wp\/v2\/types\/page"}],"author":[{"embeddable":true,"href":"https:\/\/bridgeclubbiterrois.fr\/index.php\/wp-json\/wp\/v2\/users\/1"}],"replies":[{"embeddable":true,"href":"https:\/\/bridgeclubbiterrois.fr\/index.php\/wp-json\/wp\/v2\/comments?post=2"}],"version-history":[{"count":77,"href":"https:\/\/bridgeclubbiterrois.fr\/index.php\/wp-json\/wp\/v2\/pages\/2\/revisions"}],"predecessor-version":[{"id":2252,"href":"https:\/\/bridgeclubbiterrois.fr\/index.php\/wp-json\/wp\/v2\/pages\/2\/revisions\/2252"}],"wp:attachment":[{"href":"https:\/\/bridgeclubbiterrois.fr\/index.php\/wp-json\/wp\/v2\/media?parent=2"}],"curies":[{"name":"wp","href":"https:\/\/api.w.org\/{rel}","templated":true}]}}