{"id":2098,"date":"2026-02-26T23:18:32","date_gmt":"2026-02-26T22:18:32","guid":{"rendered":"https:\/\/bridgeclubbiterrois.fr\/?page_id=2098"},"modified":"2026-04-04T02:06:22","modified_gmt":"2026-04-04T00:06:22","slug":"petit-biterrois-2026","status":"publish","type":"page","link":"https:\/\/bridgeclubbiterrois.fr\/index.php\/petit-biterrois-2026\/","title":{"rendered":"Petit Biterrois 2026"},"content":{"rendered":"<p>17 dates programm\u00e9es. 5 participations pour \u00eatre class\u00e9(e).<\/p>\n<p>Attention, cette s\u00e9ance 12 est celle qui remplace la s\u00e9ance\u00a0 8\/17\u00a0 du 22 d\u00e9c. 2025<\/p>\n<p><a href=\"https:\/\/bridgeclubbiterrois.fr\/wp-content\/uploads\/2026\/04\/CLT-PB-12-Seances.pdf\">CLT PB 12 Se\u0301ances<\/a><\/p>\n<p><a href=\"https:\/\/bridgeclubbiterrois.fr\/wp-content\/uploads\/2026\/04\/ATT-PPPE-PB-12-Seances.pdf\">ATT PPPE PB 12 Se\u0301ances<\/a><\/p>\n<p>*************************************<\/p>\n<p><a href=\"https:\/\/bridgeclubbiterrois.fr\/wp-content\/uploads\/2026\/03\/CLT-PB-11-Seances.pdf\">CLT PB 11 S\u00e9ances<\/a><\/p>\n<p><a href=\"https:\/\/bridgeclubbiterrois.fr\/wp-content\/uploads\/2026\/03\/ATT-PPPE-PB-11-Seances.pdf\">ATT PPPE PB 11 S\u00e9ances<\/a><\/p>\n<p>*************************************<\/p>\n<p><a href=\"https:\/\/bridgeclubbiterrois.fr\/wp-content\/uploads\/2026\/02\/CLT-PB-10-Seances.pdf\">CLT PB 10 Se\u0301ances<\/a><\/p>\n<p><a href=\"https:\/\/bridgeclubbiterrois.fr\/wp-content\/uploads\/2026\/02\/ATT-PPPE-PB-10-Seances.pdf\">ATT PPPE PB 10 Se\u0301ances<\/a><\/p>\n<p>&nbsp;<\/p>\n<p>Calculs et v\u00e9rifications\u00a0 : Luc Pannetier<\/p>\n<p>&nbsp;<\/p>\n<p>&nbsp;<\/p>\n","protected":false},"excerpt":{"rendered":"<p>17 dates programm\u00e9es. 5 participations pour \u00eatre class\u00e9(e). Attention, cette s\u00e9ance 12 est celle qui remplace la s\u00e9ance\u00a0 8\/17\u00a0 du 22 d\u00e9c. 2025 CLT PB 12 Se\u0301ances ATT PPPE PB [&hellip;]<\/p>\n","protected":false},"author":1,"featured_media":0,"parent":0,"menu_order":0,"comment_status":"closed","ping_status":"closed","template":"","meta":{"_crdt_document":"","footnotes":""},"class_list":["post-2098","page","type-page","status-publish","hentry"],"jetpack_sharing_enabled":true,"_links":{"self":[{"href":"https:\/\/bridgeclubbiterrois.fr\/index.php\/wp-json\/wp\/v2\/pages\/2098","targetHints":{"allow":["GET"]}}],"collection":[{"href":"https:\/\/bridgeclubbiterrois.fr\/index.php\/wp-json\/wp\/v2\/pages"}],"about":[{"href":"https:\/\/bridgeclubbiterrois.fr\/index.php\/wp-json\/wp\/v2\/types\/page"}],"author":[{"embeddable":true,"href":"https:\/\/bridgeclubbiterrois.fr\/index.php\/wp-json\/wp\/v2\/users\/1"}],"replies":[{"embeddable":true,"href":"https:\/\/bridgeclubbiterrois.fr\/index.php\/wp-json\/wp\/v2\/comments?post=2098"}],"version-history":[{"count":10,"href":"https:\/\/bridgeclubbiterrois.fr\/index.php\/wp-json\/wp\/v2\/pages\/2098\/revisions"}],"predecessor-version":[{"id":2259,"href":"https:\/\/bridgeclubbiterrois.fr\/index.php\/wp-json\/wp\/v2\/pages\/2098\/revisions\/2259"}],"wp:attachment":[{"href":"https:\/\/bridgeclubbiterrois.fr\/index.php\/wp-json\/wp\/v2\/media?parent=2098"}],"curies":[{"name":"wp","href":"https:\/\/api.w.org\/{rel}","templated":true}]}}