{"id":74,"date":"2023-07-26T04:32:23","date_gmt":"2023-07-26T02:32:23","guid":{"rendered":"http:\/\/bridgeclubbiterrois.fr\/?page_id=74"},"modified":"2026-02-26T23:11:12","modified_gmt":"2026-02-26T22:11:12","slug":"competitions-a-domicile","status":"publish","type":"page","link":"https:\/\/bridgeclubbiterrois.fr\/index.php\/competitions-a-domicile\/","title":{"rendered":"SEC, Petit Biterrois, Coupe des Clubs et Roy Ren\u00e9 -25\/26"},"content":{"rendered":"<p><a href=\"https:\/\/bridgeclubbiterrois.fr\/wp-content\/uploads\/2025\/12\/Calendrier-Tournois-organises-par-le-Bridge-Club-Biterrois.xlsx\">Calendrier Tournois organis\u00e9s par le Bridge Club Biterrois<\/a><\/p>\n<p><span style=\"color: #030000;\">R\u00e9sultats du Petit Biterrois 2025\/26 apr\u00e8s 7 s\u00e9ances. Seuls figurent les joueurs ayant particip\u00e9 \u00e0 5 s\u00e9ances au moins.<\/span><\/p>\n<h4><span style=\"color: #000000;\">Classement provisoire <a href=\"https:\/\/bridgeclubbiterrois.fr\/wp-content\/uploads\/2026\/02\/CLT-PB-10-Seances.pdf\">CLT PB 10 Se\u0301ances<\/a><\/span><\/h4>\n<h4>R\u00e9capitulatifs des points marqu\u00e9s\u00a0 <a href=\"https:\/\/bridgeclubbiterrois.fr\/wp-content\/uploads\/2026\/02\/ATT-PPPE-PB-10-Seances.pdf\">ATT PPPE PB 10 Se\u0301ances<\/a><\/h4>\n<h4><span style=\"color: #000000;\">Classement provisoire du SEC (voir selon cat\u00e9gorie sur le site du Comit\u00e9.<\/span><\/h4>\n<p>R\u00e9capitulatif des tournois SEC, Petit Biterrois, Coupe des Clubs et Roy Ren\u00e9<\/p>\n<p><a href=\"https:\/\/bridgeclubbiterrois.fr\/wp-content\/uploads\/2026\/01\/Calendrier-Tournois-organises-par-le-Bridge-Club-Biterrois_version_2.pdf\">https:\/\/bridgeclubbiterrois.fr\/wp-content\/uploads\/2026\/01\/Calendrier-Tournois-organises-par-le-Bridge-Club-Biterrois_version_2.pdf<\/a><\/p>\n<p>SEC R\u00e9sultats provisoires du Simultan\u00e9 d&rsquo;Entraide\u00a0 aux Clubs<\/p>\n<p><a href=\"https:\/\/bridgeclubbiterrois.fr\/wp-content\/uploads\/2025\/12\/Calendrier-Tournois-organises-par-le-Bridge-Club-Biterrois.xlsx\">Calendrier Tournois organis\u00e9s par le Bridge Club Biterrois<\/a><\/p>\n<p><a href=\"https:\/\/bridgeclubbiterrois.fr\/wp-content\/uploads\/2025\/08\/Tblx-compet-guide-25_26-du-18_07-1.xls\">Tblx compet guide 25_26 du 18_07\u00a0<\/a><\/p>\n<p>Tableaux en PDF<\/p>\n<p><a href=\"https:\/\/bridgeclubbiterrois.fr\/wp-content\/uploads\/2025\/08\/Tblx-compet-guide-25_26-du-18_07-1.pdf\">Tblx compet guide 25_26 du 18_07 (1)<\/a><\/p>\n<p>&nbsp;<\/p>\n<p><a href=\"https:\/\/bridgeclubbiterrois.fr\/wp-content\/uploads\/2025\/08\/Interclubs-PDF.pdf\">Interclubs PDF<\/a><\/p>\n<p><a href=\"https:\/\/bridgeclubbiterrois.fr\/wp-content\/uploads\/2025\/08\/Challenge-x2-et-x4-PDF.pdf\">Challenge x2 et x4 PDF<\/a><\/p>\n<p><a href=\"https:\/\/bridgeclubbiterrois.fr\/wp-content\/uploads\/2025\/08\/Performance-x2-et-x4-PDF.pdf\">Performance x2 et x4 PDF<\/a><\/p>\n<p><a href=\"https:\/\/bridgeclubbiterrois.fr\/wp-content\/uploads\/2025\/08\/Expert-x2-et-x4-PDF.pdf\">Expert x2 et x4 PDF<\/a><\/p>\n<p><a href=\"https:\/\/bridgeclubbiterrois.fr\/wp-content\/uploads\/2025\/08\/Division-Ligue-x2-et-x4-PDF.pdf\">Division Ligue x2 et x4 PDF<\/a><\/p>\n<p>&nbsp;<\/p>\n<p>Le comit\u00e9 d\u00e9sire confier au BC Biterrois, pour la saison 25_26 l&rsquo;organisation des comp\u00e9titions suivantes :<\/p>\n<table class=\"ox-3fd97339a4-ox-03270bd8e6-mce-item-table ox-3fd97339a4-mce-item-table\" border=\"0\" cellspacing=\"0\" cellpadding=\"0\">\n<tbody>\n<tr>\n<td width=\"236\">Dates<\/td>\n<td width=\"26\"><\/td>\n<td width=\"82\"><\/td>\n<td width=\"42\">Stade<\/td>\n<td width=\"126\">\u00e9preuves<\/td>\n<td width=\"71\">Centres<\/td>\n<\/tr>\n<tr>\n<td>dimanche 28 septembre 2025<\/td>\n<td><\/td>\n<td><\/td>\n<td>\u00bc<\/td>\n<td>OP2<\/td>\n<td>Biterrois<\/td>\n<\/tr>\n<tr>\n<td>dimanche 5 octobre 2025<\/td>\n<td><\/td>\n<td><\/td>\n<td>\u00bd<\/td>\n<td>OP2<\/td>\n<td>Biterrois<\/td>\n<\/tr>\n<tr>\n<td>samedi 11 octobre 2025<\/td>\n<td>et<\/td>\n<td>12-oct.<\/td>\n<td>\u00bd<\/td>\n<td>OP4<\/td>\n<td>Biterrois<\/td>\n<\/tr>\n<tr>\n<td>dimanche 9 novembre 2025<\/td>\n<td><\/td>\n<td><\/td>\n<td>FCS<\/td>\n<td>DP2 directe<\/td>\n<td>Biterrois<\/td>\n<\/tr>\n<tr>\n<td>dimanche 16 novembre 2025<\/td>\n<td><\/td>\n<td><\/td>\n<td>FCS<\/td>\n<td>CH2<\/td>\n<td>Biterrois<\/td>\n<\/tr>\n<tr>\n<td>samedi 22 novembre 2025<\/td>\n<td>et<\/td>\n<td>23-nov.<\/td>\n<td>\u00bd<\/td>\n<td>MP4<\/td>\n<td>Biterrois<\/td>\n<\/tr>\n<tr>\n<td>sam 6 d\u00e9c 25<\/td>\n<td><\/td>\n<td><\/td>\n<td>FNS<\/td>\n<td>Esp\/2 Hiver<\/td>\n<td>Biterrois<\/td>\n<\/tr>\n<tr>\n<td>sam 13 d\u00e9c 25<\/td>\n<td><\/td>\n<td><\/td>\n<td>FNS<\/td>\n<td>CH2<\/td>\n<td>Biterrois<\/td>\n<\/tr>\n<tr>\n<td>samedi 14 f\u00e9vrier 2026<\/td>\n<td>et<\/td>\n<td>15-f\u00e9vr.<\/td>\n<td>\u00bd<\/td>\n<td>IC3<\/td>\n<td>Biterrois<\/td>\n<\/tr>\n<tr>\n<td>samedi 14 mars 2026<\/td>\n<td>et<\/td>\n<td>15-mars<\/td>\n<td>FC<\/td>\n<td>TDF<\/td>\n<td>Biterrois<\/td>\n<\/tr>\n<tr>\n<td>sam 11 avr 26<\/td>\n<td><\/td>\n<td><\/td>\n<td>FNS<\/td>\n<td>CP2<\/td>\n<td>Biterrois<\/td>\n<\/tr>\n<tr>\n<td>dimanche 12 avril 2026<\/td>\n<td><\/td>\n<td><\/td>\n<td>FNS<\/td>\n<td>Esp\/2 Printemps<\/td>\n<td>Biterrois<\/td>\n<\/tr>\n<tr>\n<td>samedi 18 avril 2026<\/td>\n<td>et<\/td>\n<td>19-avr.<\/td>\n<td>\u00bd<\/td>\n<td>DP4<\/td>\n<td>Biterrois<\/td>\n<\/tr>\n<tr>\n<td>sam 6 juin 26<\/td>\n<td><\/td>\n<td><\/td>\n<td>FNS<\/td>\n<td>CE2<\/td>\n<td>Biterrois<\/td>\n<\/tr>\n<\/tbody>\n<\/table>\n","protected":false},"excerpt":{"rendered":"<p>Calendrier Tournois organis\u00e9s par le Bridge Club Biterrois R\u00e9sultats du Petit Biterrois 2025\/26 apr\u00e8s 7 s\u00e9ances. Seuls figurent les joueurs ayant particip\u00e9 \u00e0 5 s\u00e9ances au moins. Classement provisoire CLT [&hellip;]<\/p>\n","protected":false},"author":1,"featured_media":0,"parent":0,"menu_order":0,"comment_status":"closed","ping_status":"closed","template":"","meta":{"_crdt_document":"","footnotes":""},"class_list":["post-74","page","type-page","status-publish","hentry"],"jetpack_sharing_enabled":true,"_links":{"self":[{"href":"https:\/\/bridgeclubbiterrois.fr\/index.php\/wp-json\/wp\/v2\/pages\/74","targetHints":{"allow":["GET"]}}],"collection":[{"href":"https:\/\/bridgeclubbiterrois.fr\/index.php\/wp-json\/wp\/v2\/pages"}],"about":[{"href":"https:\/\/bridgeclubbiterrois.fr\/index.php\/wp-json\/wp\/v2\/types\/page"}],"author":[{"embeddable":true,"href":"https:\/\/bridgeclubbiterrois.fr\/index.php\/wp-json\/wp\/v2\/users\/1"}],"replies":[{"embeddable":true,"href":"https:\/\/bridgeclubbiterrois.fr\/index.php\/wp-json\/wp\/v2\/comments?post=74"}],"version-history":[{"count":49,"href":"https:\/\/bridgeclubbiterrois.fr\/index.php\/wp-json\/wp\/v2\/pages\/74\/revisions"}],"predecessor-version":[{"id":2096,"href":"https:\/\/bridgeclubbiterrois.fr\/index.php\/wp-json\/wp\/v2\/pages\/74\/revisions\/2096"}],"wp:attachment":[{"href":"https:\/\/bridgeclubbiterrois.fr\/index.php\/wp-json\/wp\/v2\/media?parent=74"}],"curies":[{"name":"wp","href":"https:\/\/api.w.org\/{rel}","templated":true}]}}